{"id":252,"date":"2014-08-25T17:08:15","date_gmt":"2014-08-25T15:08:15","guid":{"rendered":"http:\/\/www.xn--schn-fahrrder-kfb6x.de\/rsv\/?page_id=252"},"modified":"2015-06-03T17:38:09","modified_gmt":"2015-06-03T15:38:09","slug":"werden-sie-sponsor","status":"publish","type":"page","link":"https:\/\/rsv-gau-algesheim.de\/?page_id=252","title":{"rendered":"Werden Sie Sponsor"},"content":{"rendered":"<p>Wir, der RSV f\u00f6rdern neben den Wettkampfsportarten wie Radball, Einrad- und Kunstradfahren auch den Spa\u00df am Radfahren im Allgemeinen und organisieren \u00fcber das Jahr verteilt regelm\u00e4\u00dfig Veranstaltungen wie z.B. das Stadtradeln, das Vehikel Race, die Car&amp;Bike Tour, das Volksradfahren und viele mehr.<\/p>\n<p>Au\u00dferdem sind wir auch immer wieder Ausrichter regionaler und \u00fcberregionaler Wettk\u00e4mpfe und Turniere.<\/p>\n<p>Viel Potential also f\u00fcr unsere Werbepartner.<\/p>\n<p>In K\u00fcrze finden Sie hier einen \u00dcberblick \u00fcber die M\u00f6glichkeiten, uns als Sponsor zu unterst\u00fctzen. Bis dahin k\u00f6nnen Sie uns nat\u00fcrlich jederzeit auch pers\u00f6nlich ansprechen.<br \/>\nIhr Ansprechpartner beim RSV f\u00fcr das Sponsoring ber\u00e4t Sie gerne:<\/p>\n<div id=\"attachment_381\" style=\"width: 131px\" class=\"wp-caption alignleft\"><img loading=\"lazy\" decoding=\"async\" aria-describedby=\"caption-attachment-381\" class=\"wp-image-381\" src=\"https:\/\/rsv-gau-algesheim.de\/wp-content\/uploads\/2014\/12\/HattemerKlausFinanzreferent.jpg\" alt=\"Klaus Hattemer\" width=\"121\" height=\"187\" \/><p id=\"caption-attachment-381\" class=\"wp-caption-text\">Klaus Hattemer <br \/>Tel. 06725\/2872<\/p><\/div>\n<p>&nbsp;<\/p>\n<p>&nbsp;<\/p>\n","protected":false},"excerpt":{"rendered":"<p>Wir, der RSV f\u00f6rdern neben den Wettkampfsportarten wie Radball, Einrad- und Kunstradfahren auch den Spa\u00df am Radfahren im Allgemeinen und organisieren \u00fcber das Jahr verteilt regelm\u00e4\u00dfig Veranstaltungen wie z.B. das Stadtradeln, das Vehikel Race, die Car&amp;Bike Tour, das Volksradfahren und viele mehr. Au\u00dferdem sind wir auch immer wieder Ausrichter regionaler und \u00fcberregionaler Wettk\u00e4mpfe und Turniere. Viel Potential also f\u00fcr unsere<\/p>\n","protected":false},"author":2,"featured_media":0,"parent":15,"menu_order":2,"comment_status":"closed","ping_status":"closed","template":"","meta":{"footnotes":""},"class_list":["post-252","page","type-page","status-publish","hentry"],"jetpack_sharing_enabled":true,"_links":{"self":[{"href":"https:\/\/rsv-gau-algesheim.de\/index.php?rest_route=\/wp\/v2\/pages\/252","targetHints":{"allow":["GET"]}}],"collection":[{"href":"https:\/\/rsv-gau-algesheim.de\/index.php?rest_route=\/wp\/v2\/pages"}],"about":[{"href":"https:\/\/rsv-gau-algesheim.de\/index.php?rest_route=\/wp\/v2\/types\/page"}],"author":[{"embeddable":true,"href":"https:\/\/rsv-gau-algesheim.de\/index.php?rest_route=\/wp\/v2\/users\/2"}],"replies":[{"embeddable":true,"href":"https:\/\/rsv-gau-algesheim.de\/index.php?rest_route=%2Fwp%2Fv2%2Fcomments&post=252"}],"version-history":[{"count":8,"href":"https:\/\/rsv-gau-algesheim.de\/index.php?rest_route=\/wp\/v2\/pages\/252\/revisions"}],"predecessor-version":[{"id":1218,"href":"https:\/\/rsv-gau-algesheim.de\/index.php?rest_route=\/wp\/v2\/pages\/252\/revisions\/1218"}],"up":[{"embeddable":true,"href":"https:\/\/rsv-gau-algesheim.de\/index.php?rest_route=\/wp\/v2\/pages\/15"}],"wp:attachment":[{"href":"https:\/\/rsv-gau-algesheim.de\/index.php?rest_route=%2Fwp%2Fv2%2Fmedia&parent=252"}],"curies":[{"name":"wp","href":"https:\/\/api.w.org\/{rel}","templated":true}]}}