{"id":187,"date":"2014-08-25T15:59:50","date_gmt":"2014-08-25T13:59:50","guid":{"rendered":"http:\/\/www.xn--schn-fahrrder-kfb6x.de\/rsv\/?page_id=187"},"modified":"2020-01-23T18:07:13","modified_gmt":"2020-01-23T16:07:13","slug":"radball","status":"publish","type":"page","link":"https:\/\/rsv-gau-algesheim.de\/?page_id=187","title":{"rendered":"RADBALL"},"content":{"rendered":"<p><a href=\"https:\/\/rsv-gau-algesheim.de\/wp-content\/uploads\/2014\/08\/head_radball.jpg\"><img loading=\"lazy\" decoding=\"async\" class=\"alignleft size-full wp-image-1155\" src=\"https:\/\/rsv-gau-algesheim.de\/wp-content\/uploads\/2014\/08\/head_radball.jpg\" alt=\"head_radball\" width=\"852\" height=\"280\" srcset=\"https:\/\/rsv-gau-algesheim.de\/wp-content\/uploads\/2014\/08\/head_radball.jpg 852w, https:\/\/rsv-gau-algesheim.de\/wp-content\/uploads\/2014\/08\/head_radball-300x98.jpg 300w\" sizes=\"auto, (max-width: 852px) 100vw, 852px\" \/><\/a>Im Radball gibt es zwei Disziplinen, die nach \u00e4hnlichen Regeln auf speziellen Fahrr\u00e4dern gespielt werden: Zweier-Radball (Spielfeld 11&#215;14 m) und F\u00fcnfer-Radball (Hallenhandball-Spielfeld).<\/p>\n<p>Gespielt, gepasst und geschossen wird mit Vorder- und Hinterrad. Solange beide H\u00e4nde am Lenker und die F\u00fc\u00dfe auf den Pedalen sind, darf der Ball auch mit dem K\u00f6rper ber\u00fchrt werden. Der Torspieler darf die H\u00e4nde einsetzen, wenn er sich im eigenen 2-Meter-Raum befindet.<\/p>\n<p>&nbsp;<\/p>\n<hr \/>\n<h1><strong>Trainer Radball<\/strong><\/h1>\n<p><strong><img loading=\"lazy\" decoding=\"async\" class=\"alignleft wp-image-527\" src=\"http:\/\/www.sch\u00f6n-fahrr\u00e4der.de\/rsv\/wp-content\/uploads\/2015\/03\/schoen_mathias.jpg\" alt=\"schoen_mathias\" width=\"150\" height=\"200\" hspace=\"10\" vspace=\"160\" \/>Matthias Sch\u00f6n<\/strong><br \/>\nJahrgang: 1968<\/p>\n<p>Ich trainiere Radball seit meinem 16. Lebensjahr.<br \/>\nmeine Erfolge als Sportler oder Trainer:<br \/>\nTeilnahme Deutsche Meisterschaft; Radball 2. Bundesliga<\/p>\n<p>Radball ist die beste Sportart, weil es einfach Spa\u00df macht.<br \/>\nWenn ich nicht in der Halle bin, dann ist nicht Dienstag oder Donnerstag<\/p>\n<p><a href=\"mailto:Adresse_info@schoen-fenster.de\" target=\"_blank\" rel=\"noopener\">Mail an Matthias<\/a><\/p>\n<hr \/>\n<p><u><span style=\"color: #0066cc;\"><img loading=\"lazy\" decoding=\"async\" class=\"alignleft wp-image-527\" src=\"http:\/\/www.sch\u00f6n-fahrr\u00e4der.de\/rsv\/wp-content\/uploads\/2015\/03\/schoen_peter\" alt=\"schoen_peter\" width=\"150\" height=\"200\" hspace=\"10\" vspace=\"160\" \/><\/span><\/u><\/p>\n<p><strong>Peter Sch\u00f6n<\/strong><br \/>\nJahrgang: 1966<\/p>\n<p>ich trainiere Radball f\u00fcr Anf\u00e4nger, Jugend, Junioren,&#8230;<br \/>\nDie Sch\u00fcler bis zur Aktivenzeit trainiere ich seit mehr als 20 Jahren mit Pause dazwischen und seit diesem Jahr unsere Kleinen.<\/p>\n<p>Meine Erfolge als Trainer:<br \/>\nTeilnahme an Deutschen Meisterschaften<br \/>\nMeine Erfolge als Spieler:<br \/>\nTeilnahme an der Deutschen Meisterschaft in der Jugendzeit, H\u00f6chste Spielklasse im Aktivenbereich: 2. Bundesliga und mehrfacher Meister in der Oberliga Rheinland-Pfalz.<\/p>\n<p>Kunstrad\/Radball ist die beste Sportart weil: \u201eFu\u00dfball kann jeder, Radball nur die Besten\u201c<\/p>\n<p><a href=\"mailto:peter-schoen@online.de\" target=\"_blank\" rel=\"noopener\">Mail an Peter<\/a><\/p>\n<p>&nbsp;<\/p>\n<p><strong>Au\u00dferdem ist Peter Sch\u00f6n als Schiedsrichter im Einsatz<\/strong><\/p>\n<p>Bis zum Bundesliga-Schiedsrichter und zum Radball-Kommiss\u00e4r bei den Deutschen Hallenradsportmeisterschaften der Sch\u00fcler in Worms hat sich Peter Sch\u00f6n hochgearbeitet. Seine jahrzehntelange Erfahrungen als erfolgreicher Radballer, gepaart mit\u00a0der souver\u00e4nen Ruhe eines Spielleiters zeichneten ihn bei seinen Eins\u00e4tzen aus.<\/p>\n<p>&nbsp;<\/p>\n<hr \/>\n<p><strong>Peter Jouaux<\/strong><\/p>\n<p>&#8230; Infos folgen&#8230;<\/p>\n<hr \/>\n","protected":false},"excerpt":{"rendered":"<p>Im Radball gibt es zwei Disziplinen, die nach \u00e4hnlichen Regeln auf speziellen Fahrr\u00e4dern gespielt werden: Zweier-Radball (Spielfeld 11&#215;14 m) und F\u00fcnfer-Radball (Hallenhandball-Spielfeld). Gespielt, gepasst und geschossen wird mit Vorder- und Hinterrad. Solange beide H\u00e4nde am Lenker und die F\u00fc\u00dfe auf den Pedalen sind, darf der Ball auch mit dem K\u00f6rper ber\u00fchrt werden. Der Torspieler darf die H\u00e4nde einsetzen, wenn er<\/p>\n","protected":false},"author":2,"featured_media":0,"parent":11,"menu_order":3,"comment_status":"closed","ping_status":"closed","template":"","meta":{"footnotes":""},"class_list":["post-187","page","type-page","status-publish","hentry"],"jetpack_sharing_enabled":true,"_links":{"self":[{"href":"https:\/\/rsv-gau-algesheim.de\/index.php?rest_route=\/wp\/v2\/pages\/187","targetHints":{"allow":["GET"]}}],"collection":[{"href":"https:\/\/rsv-gau-algesheim.de\/index.php?rest_route=\/wp\/v2\/pages"}],"about":[{"href":"https:\/\/rsv-gau-algesheim.de\/index.php?rest_route=\/wp\/v2\/types\/page"}],"author":[{"embeddable":true,"href":"https:\/\/rsv-gau-algesheim.de\/index.php?rest_route=\/wp\/v2\/users\/2"}],"replies":[{"embeddable":true,"href":"https:\/\/rsv-gau-algesheim.de\/index.php?rest_route=%2Fwp%2Fv2%2Fcomments&post=187"}],"version-history":[{"count":7,"href":"https:\/\/rsv-gau-algesheim.de\/index.php?rest_route=\/wp\/v2\/pages\/187\/revisions"}],"predecessor-version":[{"id":2604,"href":"https:\/\/rsv-gau-algesheim.de\/index.php?rest_route=\/wp\/v2\/pages\/187\/revisions\/2604"}],"up":[{"embeddable":true,"href":"https:\/\/rsv-gau-algesheim.de\/index.php?rest_route=\/wp\/v2\/pages\/11"}],"wp:attachment":[{"href":"https:\/\/rsv-gau-algesheim.de\/index.php?rest_route=%2Fwp%2Fv2%2Fmedia&parent=187"}],"curies":[{"name":"wp","href":"https:\/\/api.w.org\/{rel}","templated":true}]}}